{"id":98,"date":"2023-12-10T01:00:34","date_gmt":"2023-12-10T00:00:34","guid":{"rendered":"https:\/\/nva-editions.fr\/?page_id=98"},"modified":"2023-12-28T10:04:12","modified_gmt":"2023-12-28T09:04:12","slug":"98-2","status":"publish","type":"page","link":"https:\/\/nva-editions.fr\/?page_id=98","title":{"rendered":"Mentions l\u00e9gales"},"content":{"rendered":"\n<p>En vigueur au 28\/12\/2023<\/p>\n\n\n\n<p>Conform\u00e9ment aux dispositions de la loi n\u00b0 2004-575 du 21 juin 2004 pour la confiance en l\u2019\u00e9conomie num\u00e9rique, il est port\u00e9 \u00e0 la connaissance des utilisateurs et visiteurs, ci-apr\u00e8s \u00ab\u00a0l\u2019Utilisateur\u00a0\u00bb, du site nva-editions.fr les pr\u00e9sentes mentions l\u00e9gales.<\/p>\n\n\n\n<p>La connexion et la navigation sur le Site par l\u2019Utilisateur implique acceptation int\u00e9grale et sans r\u00e9serve des pr\u00e9sentes mentions l\u00e9gales.<br>Ces derni\u00e8res sont accessibles sur le Site \u00e0 la rubrique \u00ab Mentions l\u00e9gales \u00bb.<\/p>\n\n\n\n<h2 class=\"wp-block-heading\">1. L&#8217;\u00e9diteur<\/h2>\n\n\n\n<p>Statut de l\u2019entreprise : Sarl<br>Nom de l\u2019entreprise : les \u00e9ditions \u00ab\u00a0NVA Editions\u00a0\u00bb sont h\u00e9berg\u00e9es par NVA Conseil Sarl<br>Adresse : La Faverie, 72500 Beaumont Pied de B\u0153uf<br>Num\u00e9ro SIRET : 44132871400022<br>Email :  ideesvivantes arobase nva-editions point fr<\/p>\n\n\n\n<p>Cr\u00e9ateur du site : Nicolas de Vitry<br>Responsable de la publication : Nicolas de Vitry \u2013 ideesvivantes arobase nva-editions point fr<br>Le responsable de la publication est une personne physique.<br>Webmaster : Nicolas de Vitry \u2013  ideesvivantes arobase nva-editions point fr<\/p>\n\n\n\n<p>H\u00e9bergeur du site : <a href=\"https:\/\/www.hostinger.fr\/\" target=\"_blank\" rel=\"noreferrer noopener\">Hostinger<\/a><br>Soci\u00e9t\u00e9 : Hostinger International Ltd.<br>Adresse postale : 61 rue Lordou Vironos, 6023 Larnaca, Chypre<br>Email : <a href=\"mailto:office@hostinger.com\">office@hostinger.com<\/a><\/p>\n\n\n\n<h2 class=\"wp-block-heading\">2. Conditions g\u00e9n\u00e9rales d\u2019utilisation du site et des services propos\u00e9s<\/h2>\n\n\n\n<p>L\u2019utilisation du site nva-editions.fr implique l\u2019acceptation pleine et enti\u00e8re des conditions g\u00e9n\u00e9rales d\u2019utilisation ci-apr\u00e8s d\u00e9crites. Ces conditions d\u2019utilisation sont susceptibles d\u2019\u00eatre modifi\u00e9es ou compl\u00e9t\u00e9es \u00e0 tout moment, les utilisateurs du site nva-editions.fr sont donc invit\u00e9s \u00e0 les consulter de mani\u00e8re r\u00e9guli\u00e8re.<\/p>\n\n\n\n<p>Ce site est normalement accessible \u00e0 tout moment aux utilisateurs. Une interruption pour raison de maintenance technique peut \u00eatre toutefois d\u00e9cid\u00e9e par Nicolas de Vitry, qui s\u2019efforcera alors de communiquer pr\u00e9alablement aux utilisateurs les dates et heures de l\u2019intervention.<\/p>\n\n\n\n<p>Le site nva-editions.fr est mis \u00e0 jour r\u00e9guli\u00e8rement par Nicolas de Vitry. De la m\u00eame fa\u00e7on, les mentions l\u00e9gales peuvent \u00eatre modifi\u00e9es \u00e0 tout moment : elles s\u2019imposent n\u00e9anmoins \u00e0 l\u2019utilisateur qui est invit\u00e9 \u00e0 s\u2019y r\u00e9f\u00e9rer le plus souvent possible afin d\u2019en prendre connaissance.<\/p>\n\n\n\n<h2 class=\"wp-block-heading\">3. Description des services fournis<\/h2>\n\n\n\n<p>Le site nva-editions.fr a pour objet de fournir une information concernant les activit\u00e9s \u00e9ditoriales de NVA Conseil.<\/p>\n\n\n\n<p>Nicolas de Vitry s\u2019efforce de fournir sur le site nva-editions.fr des informations aussi pr\u00e9cises que possible. Toutefois, il ne pourra \u00eatre tenue responsable des omissions, des inexactitudes et des carences dans la mise \u00e0 jour, qu\u2019elles soient de son fait ou du fait des tiers partenaires qui lui fournissent ces informations.<\/p>\n\n\n\n<p>Toutes les informations propos\u00e9es sur le site nva-editions.fr sont donn\u00e9es \u00e0 titre indicatif, sont non exhaustives, et sont susceptibles d\u2019\u00e9voluer. Elles sont donn\u00e9es sous r\u00e9serve de modifications ayant \u00e9t\u00e9 apport\u00e9es depuis leur mise en ligne.<\/p>\n\n\n\n<h2 class=\"wp-block-heading\">4. Propri\u00e9t\u00e9 intellectuelle et contrefa\u00e7on<\/h2>\n\n\n\n<p>Nicolas de Vitry est propri\u00e9taire des droits de propri\u00e9t\u00e9 intellectuelle ou d\u00e9tient les droits d\u2019usage sur tous les \u00e9l\u00e9ments accessibles sur le site, notamment les textes, images, graphismes, logo, ic\u00f4nes, sons, logiciels\u2026\u200d<\/p>\n\n\n\n<p>Toute reproduction, repr\u00e9sentation, modification, publication, adaptation totale ou partielle des \u00e9l\u00e9ments du site, quel que soit le moyen ou le proc\u00e9d\u00e9 utilis\u00e9, est interdite, sauf autorisation \u00e9crite pr\u00e9alable de Nicolas de Vitry (ideesvivantes arobase nva-editions point fr).<\/p>\n\n\n\n<p>\u200dToute exploitation non autoris\u00e9e du site ou de l\u2019un quelconque de ces \u00e9l\u00e9ments qu\u2019il contient sera consid\u00e9r\u00e9e comme constitutive d\u2019une contrefa\u00e7on et poursuivie conform\u00e9ment aux dispositions des articles L.335-2 et suivants du Code de Propri\u00e9t\u00e9 Intellectuelle.<\/p>\n\n\n\n<h2 class=\"wp-block-heading\">5. Donn\u00e9es Personnelles, Liens hypertextes et cookies<\/h2>\n\n\n\n<p>Le site est exempt\u00e9 de d\u00e9claration \u00e0 la Commission Nationale Informatique et Libert\u00e9s (CNIL) dans la mesure o\u00f9 il ne collecte aucune donn\u00e9e concernant les utilisateurs.<\/p>\n\n\n\n<p>Le site nva-editions.fr contient un certain nombre de liens hypertextes vers d\u2019autres sites (partenaires, informations\u2026) mis en place avec l\u2019autorisation de Nicolas de Vitry. Cependant, Nicolas de Vitry n\u2019a pas la possibilit\u00e9 de v\u00e9rifier le contenu des sites ainsi visit\u00e9s et d\u00e9cline donc toute responsabilit\u00e9 de ce fait quant aux risques \u00e9ventuels de contenus illicites.<\/p>\n","protected":false},"excerpt":{"rendered":"<p>En vigueur au 28\/12\/2023 Conform\u00e9ment aux dispositions de la loi n\u00b0 2004-575 du 21 juin 2004 pour la confiance en l\u2019\u00e9conomie num\u00e9rique, il est port\u00e9 \u00e0 la connaissance des utilisateurs et visiteurs, ci-apr\u00e8s \u00ab\u00a0l\u2019Utilisateur\u00a0\u00bb, du site nva-editions.fr les pr\u00e9sentes mentions l\u00e9gales. La connexion et la navigation sur le Site par l\u2019Utilisateur implique acceptation int\u00e9grale et&hellip;&nbsp;<a href=\"https:\/\/nva-editions.fr\/?page_id=98\" class=\"\" rel=\"bookmark\">Read More &raquo;<span class=\"screen-reader-text\">Mentions l\u00e9gales<\/span><\/a><\/p>\n","protected":false},"author":1,"featured_media":0,"parent":0,"menu_order":0,"comment_status":"closed","ping_status":"closed","template":"","meta":{"_monsterinsights_skip_tracking":false,"_monsterinsights_sitenote_active":false,"_monsterinsights_sitenote_note":"","_monsterinsights_sitenote_category":0,"neve_meta_sidebar":"","neve_meta_container":"","neve_meta_enable_content_width":"","neve_meta_content_width":0,"neve_meta_title_alignment":"","neve_meta_author_avatar":"","neve_post_elements_order":"","neve_meta_disable_header":"","neve_meta_disable_footer":"","neve_meta_disable_title":"","footnotes":""},"class_list":["post-98","page","type-page","status-publish","hentry"],"aioseo_notices":[],"jetpack_sharing_enabled":true,"_links":{"self":[{"href":"https:\/\/nva-editions.fr\/index.php?rest_route=\/wp\/v2\/pages\/98","targetHints":{"allow":["GET"]}}],"collection":[{"href":"https:\/\/nva-editions.fr\/index.php?rest_route=\/wp\/v2\/pages"}],"about":[{"href":"https:\/\/nva-editions.fr\/index.php?rest_route=\/wp\/v2\/types\/page"}],"author":[{"embeddable":true,"href":"https:\/\/nva-editions.fr\/index.php?rest_route=\/wp\/v2\/users\/1"}],"replies":[{"embeddable":true,"href":"https:\/\/nva-editions.fr\/index.php?rest_route=%2Fwp%2Fv2%2Fcomments&post=98"}],"version-history":[{"count":5,"href":"https:\/\/nva-editions.fr\/index.php?rest_route=\/wp\/v2\/pages\/98\/revisions"}],"predecessor-version":[{"id":112,"href":"https:\/\/nva-editions.fr\/index.php?rest_route=\/wp\/v2\/pages\/98\/revisions\/112"}],"wp:attachment":[{"href":"https:\/\/nva-editions.fr\/index.php?rest_route=%2Fwp%2Fv2%2Fmedia&parent=98"}],"curies":[{"name":"wp","href":"https:\/\/api.w.org\/{rel}","templated":true}]}}