{"id":80,"date":"2023-12-09T23:04:46","date_gmt":"2023-12-09T22:04:46","guid":{"rendered":"https:\/\/nva-editions.fr\/?page_id=80"},"modified":"2023-12-09T23:25:14","modified_gmt":"2023-12-09T22:25:14","slug":"lalphabet-des-commencements2","status":"publish","type":"page","link":"https:\/\/nva-editions.fr\/?page_id=80","title":{"rendered":"L&#8217;Alphabet des Commencements"},"content":{"rendered":"\n<figure class=\"wp-block-image size-full is-resized\"><img loading=\"lazy\" decoding=\"async\" width=\"650\" height=\"956\" src=\"https:\/\/nva-editions.fr\/wp-content\/uploads\/2023\/12\/ADC.png\" alt=\"\" class=\"wp-image-94\" style=\"width:440px;height:auto\" srcset=\"https:\/\/nva-editions.fr\/wp-content\/uploads\/2023\/12\/ADC.png 650w, https:\/\/nva-editions.fr\/wp-content\/uploads\/2023\/12\/ADC-204x300.png 204w, https:\/\/nva-editions.fr\/wp-content\/uploads\/2023\/12\/ADC-600x882.png 600w\" sizes=\"auto, (max-width: 650px) 100vw, 650px\" \/><\/figure>\n\n\n\n<p>Respirer. Trouver dans la science d\u2019aujourd\u2019hui un r\u00e9el all\u00e8gement pour la vie quotidienne, plut\u00f4t qu\u2019un nouveau triomphe sur la mati\u00e8re, aux cons\u00e9quences incertaines. Saisir ces d\u00e9couvertes qui peuvent nous redonner une partie de nous-m\u00eames. Accepter ces points de vue qui soul\u00e8vent nos paupi\u00e8res.<\/p>\n\n\n\n<p>C\u2019est peut-\u00eatre bien difficile de le faire tout seul.<\/p>\n\n\n\n<p>Avec \u00ab L\u2019ALPHABET DES COMMENCEMENTS \u00bb Alain Masson nous invite \u00e0 un chemin, \u00e0 l\u2019\u00e9coute de cette science contemporaine qui nous ouvre des portes.<\/p>\n\n\n\n<p>Encore faut-il qu\u2019un paysage apparaisse, encore faut-il que les \u00e9l\u00e9ments du d\u00e9cor tissent un r\u00e9seau de coh\u00e9rence. Un bouquet est bien plus qu\u2019un amas de fleurs, fussent-elles chacune magnifique.<\/p>\n\n\n\n<p>C\u2019est le cadeau qu\u2019Alain Masson nous fait, en nous proposant un profond r\u00e9seau de signification entre des apports aussi divers que ceux de la neurolinguistique, des ma\u00eetres verriers des cath\u00e9drales, de la relativit\u00e9 complexe de Jean Charon, ou encore de Fran\u00e7oise Dolto, de Glenn Doman ou de St\u00e9phane Mallarm\u00e9.<\/p>\n\n\n\n<p>Que viennent faire ensemble tous ces personnages ? Les r\u00e9sonances entre ces musiques parleront aux chercheurs de l\u2019humain que nous sommes en ce d\u00e9but de XXI<sup>\u00e8me <\/sup>si\u00e8cle, o\u00f9 une mani\u00e8re de penser nouvelle devient chaque jour plus n\u00e9cessaire.<\/p>\n","protected":false},"excerpt":{"rendered":"<p>Respirer. Trouver dans la science d\u2019aujourd\u2019hui un r\u00e9el all\u00e8gement pour la vie quotidienne, plut\u00f4t qu\u2019un nouveau triomphe sur la mati\u00e8re, aux cons\u00e9quences incertaines. Saisir ces d\u00e9couvertes qui peuvent nous redonner une partie de nous-m\u00eames. Accepter ces points de vue qui soul\u00e8vent nos paupi\u00e8res. C\u2019est peut-\u00eatre bien difficile de le faire tout seul. Avec \u00ab L\u2019ALPHABET&hellip;&nbsp;<a href=\"https:\/\/nva-editions.fr\/?page_id=80\" class=\"\" rel=\"bookmark\">Read More &raquo;<span class=\"screen-reader-text\">L&#8217;Alphabet des Commencements<\/span><\/a><\/p>\n","protected":false},"author":1,"featured_media":0,"parent":0,"menu_order":0,"comment_status":"closed","ping_status":"closed","template":"","meta":{"_monsterinsights_skip_tracking":false,"_monsterinsights_sitenote_active":false,"_monsterinsights_sitenote_note":"","_monsterinsights_sitenote_category":0,"neve_meta_sidebar":"","neve_meta_container":"","neve_meta_enable_content_width":"","neve_meta_content_width":0,"neve_meta_title_alignment":"","neve_meta_author_avatar":"","neve_post_elements_order":"","neve_meta_disable_header":"","neve_meta_disable_footer":"","neve_meta_disable_title":"","footnotes":""},"class_list":["post-80","page","type-page","status-publish","hentry"],"aioseo_notices":[],"jetpack_sharing_enabled":true,"_links":{"self":[{"href":"https:\/\/nva-editions.fr\/index.php?rest_route=\/wp\/v2\/pages\/80","targetHints":{"allow":["GET"]}}],"collection":[{"href":"https:\/\/nva-editions.fr\/index.php?rest_route=\/wp\/v2\/pages"}],"about":[{"href":"https:\/\/nva-editions.fr\/index.php?rest_route=\/wp\/v2\/types\/page"}],"author":[{"embeddable":true,"href":"https:\/\/nva-editions.fr\/index.php?rest_route=\/wp\/v2\/users\/1"}],"replies":[{"embeddable":true,"href":"https:\/\/nva-editions.fr\/index.php?rest_route=%2Fwp%2Fv2%2Fcomments&post=80"}],"version-history":[{"count":3,"href":"https:\/\/nva-editions.fr\/index.php?rest_route=\/wp\/v2\/pages\/80\/revisions"}],"predecessor-version":[{"id":95,"href":"https:\/\/nva-editions.fr\/index.php?rest_route=\/wp\/v2\/pages\/80\/revisions\/95"}],"wp:attachment":[{"href":"https:\/\/nva-editions.fr\/index.php?rest_route=%2Fwp%2Fv2%2Fmedia&parent=80"}],"curies":[{"name":"wp","href":"https:\/\/api.w.org\/{rel}","templated":true}]}}