{"id":71,"date":"2023-12-09T22:57:28","date_gmt":"2023-12-09T21:57:28","guid":{"rendered":"https:\/\/nva-editions.fr\/?page_id=71"},"modified":"2025-04-25T16:42:47","modified_gmt":"2025-04-25T14:42:47","slug":"la-librairie2","status":"publish","type":"page","link":"https:\/\/nva-editions.fr\/?page_id=71","title":{"rendered":"La Librairie"},"content":{"rendered":"\n<p><strong>La Langue de La Lumi\u00e8re<\/strong><\/p>\n\n\n\n<ul class=\"wp-block-list\">\n<li>Tome 1 : Le Code Jean Le Baptiste : 23 euros (+ frais d&#8217;envoi : 8.27 \u20ac)<\/li>\n\n\n\n<li>Tome 2 : Le Code J\u00e9sus Le Christ : 27 euros (+ frais d&#8217;envoi : 8.27 \u20ac)<\/li>\n\n\n\n<li>Les deux tomes : 50 euros (+ frais d&#8217;envoi : 10.02 \u20ac)<\/li>\n<\/ul>\n\n\n\n<p><strong>L&#8217;Alphabet des Commencements<\/strong> : 20 euros (+ frais d&#8217;envoi : 6.51 \u20ac)<\/p>\n\n\n\n<p><strong>\u00catre M\u00e9decin des deux Espaces-temps<\/strong> : 20 euros (+ frais d&#8217;envoi : 6.51 \u20ac)<\/p>\n\n\n\n<p>Tarifs postaux 2025. Les tarifs postaux ci-dessus sont pour les exp\u00e9ditions en France m\u00e9tropolitaine. Pour toute autre destination ou quantit\u00e9, nous consulter (ideesvivantes arobase nva-editions point fr)<\/p>\n\n\n\n<p>Pour toute commande, merci d&#8217;\u00e9crire \u00e0 ideesvivantes arobase nva-editions point fr, nous vous r\u00e9pondrons dans les plus brefs d\u00e9lais.<\/p>\n","protected":false},"excerpt":{"rendered":"<p>La Langue de La Lumi\u00e8re L&#8217;Alphabet des Commencements : 20 euros (+ frais d&#8217;envoi : 6.51 \u20ac) \u00catre M\u00e9decin des deux Espaces-temps : 20 euros (+ frais d&#8217;envoi : 6.51 \u20ac) Tarifs postaux 2025. Les tarifs postaux ci-dessus sont pour les exp\u00e9ditions en France m\u00e9tropolitaine. Pour toute autre destination ou quantit\u00e9, nous consulter (ideesvivantes arobase&hellip;&nbsp;<a href=\"https:\/\/nva-editions.fr\/?page_id=71\" class=\"\" rel=\"bookmark\">Read More &raquo;<span class=\"screen-reader-text\">La Librairie<\/span><\/a><\/p>\n","protected":false},"author":1,"featured_media":0,"parent":0,"menu_order":0,"comment_status":"closed","ping_status":"closed","template":"","meta":{"_monsterinsights_skip_tracking":false,"_monsterinsights_sitenote_active":false,"_monsterinsights_sitenote_note":"","_monsterinsights_sitenote_category":0,"neve_meta_sidebar":"","neve_meta_container":"","neve_meta_enable_content_width":"","neve_meta_content_width":0,"neve_meta_title_alignment":"","neve_meta_author_avatar":"","neve_post_elements_order":"","neve_meta_disable_header":"","neve_meta_disable_footer":"","neve_meta_disable_title":"","footnotes":""},"class_list":["post-71","page","type-page","status-publish","hentry"],"aioseo_notices":[],"jetpack_sharing_enabled":true,"_links":{"self":[{"href":"https:\/\/nva-editions.fr\/index.php?rest_route=\/wp\/v2\/pages\/71","targetHints":{"allow":["GET"]}}],"collection":[{"href":"https:\/\/nva-editions.fr\/index.php?rest_route=\/wp\/v2\/pages"}],"about":[{"href":"https:\/\/nva-editions.fr\/index.php?rest_route=\/wp\/v2\/types\/page"}],"author":[{"embeddable":true,"href":"https:\/\/nva-editions.fr\/index.php?rest_route=\/wp\/v2\/users\/1"}],"replies":[{"embeddable":true,"href":"https:\/\/nva-editions.fr\/index.php?rest_route=%2Fwp%2Fv2%2Fcomments&post=71"}],"version-history":[{"count":4,"href":"https:\/\/nva-editions.fr\/index.php?rest_route=\/wp\/v2\/pages\/71\/revisions"}],"predecessor-version":[{"id":114,"href":"https:\/\/nva-editions.fr\/index.php?rest_route=\/wp\/v2\/pages\/71\/revisions\/114"}],"wp:attachment":[{"href":"https:\/\/nva-editions.fr\/index.php?rest_route=%2Fwp%2Fv2%2Fmedia&parent=71"}],"curies":[{"name":"wp","href":"https:\/\/api.w.org\/{rel}","templated":true}]}}