{"id":53,"date":"2023-12-09T18:40:48","date_gmt":"2023-12-09T17:40:48","guid":{"rendered":"https:\/\/nva-editions.fr\/?page_id=53"},"modified":"2023-12-09T23:20:51","modified_gmt":"2023-12-09T22:20:51","slug":"la-langue-de-la-lumiere","status":"publish","type":"page","link":"https:\/\/nva-editions.fr\/?page_id=53","title":{"rendered":"La Langue de la Lumi\u00e8re"},"content":{"rendered":"\n<div class=\"wp-block-columns is-layout-flex wp-container-core-columns-is-layout-9d6595d7 wp-block-columns-is-layout-flex\">\n<div class=\"wp-block-column is-layout-flow wp-block-column-is-layout-flow\" style=\"flex-basis:100%\">\n<figure class=\"wp-block-image size-full\"><img loading=\"lazy\" decoding=\"async\" width=\"912\" height=\"645\" src=\"https:\/\/nva-editions.fr\/wp-content\/uploads\/2023\/12\/LLDLL12.png\" alt=\"\" class=\"wp-image-89\" srcset=\"https:\/\/nva-editions.fr\/wp-content\/uploads\/2023\/12\/LLDLL12.png 912w, https:\/\/nva-editions.fr\/wp-content\/uploads\/2023\/12\/LLDLL12-300x212.png 300w, https:\/\/nva-editions.fr\/wp-content\/uploads\/2023\/12\/LLDLL12-768x543.png 768w, https:\/\/nva-editions.fr\/wp-content\/uploads\/2023\/12\/LLDLL12-600x424.png 600w\" sizes=\"auto, (max-width: 912px) 100vw, 912px\" \/><\/figure>\n<\/div>\n<\/div>\n\n\n\n<p>Jos\u00e9-Mar\u00eda S\u00e1nchez Carri\u00f3n nous propose avant tout une rencontre avec le Vivant, avec Celui qui peut jaillir de chaque mot de l\u2019\u00c9vangile, et qui nous y attend, un peu \u00e0 l&#8217;\u00e9troit derri\u00e8re nos lectures habituelles.<\/p>\n\n\n\n<p>Avec son aide, avec des cl\u00e9s de lecture patiemment \u00e9labor\u00e9es, nous pouvons restituer au texte une respiration, une dimension qui lui sont essentielles, et sans lesquelles il nous reste opaque, et souvent nous choque.&nbsp;<\/p>\n\n\n\n<p>Il s&#8217;agit de nous r\u00e9veiller, ni plus ni moins.&nbsp;<\/p>\n\n\n\n<p>&#8220;Au milieu de vous se tient quelqu&#8217;un que vous ne connaissez pas.&#8221; (Jean 1,26).<\/p>\n\n\n\n<p>Et en vous se tient un lecteur que vous ne connaissez pas, un lecteur vivant d&#8217;un texte vivant.&nbsp;<\/p>\n\n\n\n<p>Les ouvertures propos\u00e9es sont des ouvertures vers nous-m\u00eames, vers ce lieu int\u00e9rieur d&#8217;intimit\u00e9 et de communication o\u00f9 nous sommes pr\u00eats pour la rencontre.&nbsp;<\/p>\n\n\n\n<p><em>Jos\u00e9-Mar\u00eda S\u00e1nchez Carri\u00f3n est \u00e9crivain, linguiste et chercheur : agr\u00e9g\u00e9 en langue et litt\u00e9rature espagnoles, licenci\u00e9 en philologie anglo-germanique, docteur en linguistique et philologie basque et acad\u00e9micien d\u2019honneur de l\u2019Acad\u00e9mie royale de la Langue basque (Euskaltzaindia).<\/em><\/p>\n\n\n\n<p><em>.<\/em><\/p>\n","protected":false},"excerpt":{"rendered":"<p>Jos\u00e9-Mar\u00eda S\u00e1nchez Carri\u00f3n nous propose avant tout une rencontre avec le Vivant, avec Celui qui peut jaillir de chaque mot de l\u2019\u00c9vangile, et qui nous y attend, un peu \u00e0 l&#8217;\u00e9troit derri\u00e8re nos lectures habituelles. Avec son aide, avec des cl\u00e9s de lecture patiemment \u00e9labor\u00e9es, nous pouvons restituer au texte une respiration, une dimension qui&hellip;&nbsp;<a href=\"https:\/\/nva-editions.fr\/?page_id=53\" class=\"\" rel=\"bookmark\">Read More &raquo;<span class=\"screen-reader-text\">La Langue de la Lumi\u00e8re<\/span><\/a><\/p>\n","protected":false},"author":1,"featured_media":0,"parent":0,"menu_order":0,"comment_status":"closed","ping_status":"closed","template":"","meta":{"_monsterinsights_skip_tracking":false,"_monsterinsights_sitenote_active":false,"_monsterinsights_sitenote_note":"","_monsterinsights_sitenote_category":0,"neve_meta_sidebar":"","neve_meta_container":"","neve_meta_enable_content_width":"","neve_meta_content_width":0,"neve_meta_title_alignment":"","neve_meta_author_avatar":"","neve_post_elements_order":"","neve_meta_disable_header":"","neve_meta_disable_footer":"","neve_meta_disable_title":"","footnotes":""},"class_list":["post-53","page","type-page","status-publish","hentry"],"aioseo_notices":[],"jetpack_sharing_enabled":true,"_links":{"self":[{"href":"https:\/\/nva-editions.fr\/index.php?rest_route=\/wp\/v2\/pages\/53","targetHints":{"allow":["GET"]}}],"collection":[{"href":"https:\/\/nva-editions.fr\/index.php?rest_route=\/wp\/v2\/pages"}],"about":[{"href":"https:\/\/nva-editions.fr\/index.php?rest_route=\/wp\/v2\/types\/page"}],"author":[{"embeddable":true,"href":"https:\/\/nva-editions.fr\/index.php?rest_route=\/wp\/v2\/users\/1"}],"replies":[{"embeddable":true,"href":"https:\/\/nva-editions.fr\/index.php?rest_route=%2Fwp%2Fv2%2Fcomments&post=53"}],"version-history":[{"count":4,"href":"https:\/\/nva-editions.fr\/index.php?rest_route=\/wp\/v2\/pages\/53\/revisions"}],"predecessor-version":[{"id":90,"href":"https:\/\/nva-editions.fr\/index.php?rest_route=\/wp\/v2\/pages\/53\/revisions\/90"}],"wp:attachment":[{"href":"https:\/\/nva-editions.fr\/index.php?rest_route=%2Fwp%2Fv2%2Fmedia&parent=53"}],"curies":[{"name":"wp","href":"https:\/\/api.w.org\/{rel}","templated":true}]}}