{"id":51,"date":"2023-12-09T18:39:18","date_gmt":"2023-12-09T17:39:18","guid":{"rendered":"https:\/\/nva-editions.fr\/?page_id=51"},"modified":"2023-12-09T23:22:04","modified_gmt":"2023-12-09T22:22:04","slug":"etre-medecin-des-deux-espaces-temps","status":"publish","type":"page","link":"https:\/\/nva-editions.fr\/?page_id=51","title":{"rendered":"\u00catre M\u00e9decin des deux Espaces-Temps"},"content":{"rendered":"\n<figure class=\"wp-block-image size-full is-resized\"><img loading=\"lazy\" decoding=\"async\" width=\"531\" height=\"786\" src=\"https:\/\/nva-editions.fr\/wp-content\/uploads\/2023\/12\/EMDET.png\" alt=\"\" class=\"wp-image-91\" style=\"width:575px;height:auto\" srcset=\"https:\/\/nva-editions.fr\/wp-content\/uploads\/2023\/12\/EMDET.png 531w, https:\/\/nva-editions.fr\/wp-content\/uploads\/2023\/12\/EMDET-203x300.png 203w\" sizes=\"auto, (max-width: 531px) 100vw, 531px\" \/><\/figure>\n\n\n\n<p>Gu\u00e9rir le pass\u00e9, ouvrir le futur.<\/p>\n\n\n\n<p>Le Docteur S\u00e1 Coimbra est m\u00e9decin g\u00e9n\u00e9raliste, et pratique la m\u00e9decine des deux espaces-temps dont il est l\u2018un des pionniers.&nbsp;<\/p>\n\n\n\n<p>S\u2019appuyant sur les r\u00e9sultats de la recherche la plus contemporaine, le Docteur S\u00e1 Coimbra propose une avanc\u00e9e fondamentale&nbsp;: une m\u00e9decine prenant en compte les diff\u00e9rents niveaux constitutifs de l\u2019\u00eatre humain, et par l\u00e0 m\u00eame, lib\u00e9rant des capacit\u00e9s de r\u00e9g\u00e9n\u00e9ration souvent omises par la m\u00e9decine actuelle.<\/p>\n\n\n\n<p>Cette r\u00e9g\u00e9n\u00e9ration est corporelle. Elle touche aussi l\u2019histoire des patients&nbsp;: alors, le pr\u00e9sent et le futur retrouvent la souplesse dont ils ont besoin pour \u00e9voluer.<\/p>\n\n\n\n<p>Ce t\u00e9moignage retrace trente ann\u00e9es de recherche, et les progr\u00e8s fulgurants des derni\u00e8res ann\u00e9es permettent de pressentir une m\u00e9decine \u00e0 la hauteur de l\u2019\u00eatre humain.<\/p>\n","protected":false},"excerpt":{"rendered":"<p>Gu\u00e9rir le pass\u00e9, ouvrir le futur. Le Docteur S\u00e1 Coimbra est m\u00e9decin g\u00e9n\u00e9raliste, et pratique la m\u00e9decine des deux espaces-temps dont il est l\u2018un des pionniers.&nbsp; S\u2019appuyant sur les r\u00e9sultats de la recherche la plus contemporaine, le Docteur S\u00e1 Coimbra propose une avanc\u00e9e fondamentale&nbsp;: une m\u00e9decine prenant en compte les diff\u00e9rents niveaux constitutifs de l\u2019\u00eatre&hellip;&nbsp;<a href=\"https:\/\/nva-editions.fr\/?page_id=51\" class=\"\" rel=\"bookmark\">Read More &raquo;<span class=\"screen-reader-text\">\u00catre M\u00e9decin des deux Espaces-Temps<\/span><\/a><\/p>\n","protected":false},"author":1,"featured_media":0,"parent":0,"menu_order":0,"comment_status":"closed","ping_status":"closed","template":"","meta":{"_monsterinsights_skip_tracking":false,"_monsterinsights_sitenote_active":false,"_monsterinsights_sitenote_note":"","_monsterinsights_sitenote_category":0,"neve_meta_sidebar":"","neve_meta_container":"","neve_meta_enable_content_width":"","neve_meta_content_width":0,"neve_meta_title_alignment":"","neve_meta_author_avatar":"","neve_post_elements_order":"","neve_meta_disable_header":"","neve_meta_disable_footer":"","neve_meta_disable_title":"","footnotes":""},"class_list":["post-51","page","type-page","status-publish","hentry"],"aioseo_notices":[],"jetpack_sharing_enabled":true,"_links":{"self":[{"href":"https:\/\/nva-editions.fr\/index.php?rest_route=\/wp\/v2\/pages\/51","targetHints":{"allow":["GET"]}}],"collection":[{"href":"https:\/\/nva-editions.fr\/index.php?rest_route=\/wp\/v2\/pages"}],"about":[{"href":"https:\/\/nva-editions.fr\/index.php?rest_route=\/wp\/v2\/types\/page"}],"author":[{"embeddable":true,"href":"https:\/\/nva-editions.fr\/index.php?rest_route=\/wp\/v2\/users\/1"}],"replies":[{"embeddable":true,"href":"https:\/\/nva-editions.fr\/index.php?rest_route=%2Fwp%2Fv2%2Fcomments&post=51"}],"version-history":[{"count":2,"href":"https:\/\/nva-editions.fr\/index.php?rest_route=\/wp\/v2\/pages\/51\/revisions"}],"predecessor-version":[{"id":92,"href":"https:\/\/nva-editions.fr\/index.php?rest_route=\/wp\/v2\/pages\/51\/revisions\/92"}],"wp:attachment":[{"href":"https:\/\/nva-editions.fr\/index.php?rest_route=%2Fwp%2Fv2%2Fmedia&parent=51"}],"curies":[{"name":"wp","href":"https:\/\/api.w.org\/{rel}","templated":true}]}}