{"id":2,"date":"2023-12-04T19:07:34","date_gmt":"2023-12-04T18:07:34","guid":{"rendered":"http:\/\/nva-editions.fr\/?page_id=2"},"modified":"2023-12-10T11:32:07","modified_gmt":"2023-12-10T10:32:07","slug":"page-d-exemple","status":"publish","type":"page","link":"https:\/\/nva-editions.fr\/","title":{"rendered":"NVA \u00c9ditions \/ Id\u00e9es Vivantes"},"content":{"rendered":"\n<p>Depuis 2006, NVA \u00c9ditions propose des id\u00e9es nouvelles pour le monde d&#8217;aujourd&#8217;hui.<\/p>\n\n\n\n<p>Notre \u00e9poque nous propose, et m\u00eame nous demande, de r\u00e9cup\u00e9rer notre int\u00e9grit\u00e9, de ne plus abandonner des parties enti\u00e8res de nos vies, mais au contraire d&#8217;investir notre dimension d&#8217;\u00eatres parlants comme nous ne l&#8217;avons jamais fait.<\/p>\n\n\n\n<p>Les auteurs de la collection Id\u00e9es Vivantes sont des pionniers, qui nous donnent un aper\u00e7u de notre immensit\u00e9.<\/p>\n\n\n\n<p>Alain Masson a ouvert des portes, et &#8220;L&#8217;Alphabet des Commencements&#8221; propose d&#8217;\u00e9couter des r\u00e9sonances fertiles, de percevoir la langue de la vie au del\u00e0 de la surface de nos mots habituels.<\/p>\n\n\n\n<p>Le Dr Nuno Sa Coimbra explore un potentiel de la m\u00e9decine. Au del\u00e0 de l&#8217;exp\u00e9rience personnelle de l&#8217;auteur, le lecteur int\u00e9ress\u00e9 par l&#8217;humain pressentira des voies nouvelles dans &#8220;\u00catre M\u00e9decin des Deux Espaces-Temps&#8221;.<\/p>\n\n\n\n<p>Jos\u00e9 Mar\u00eda S\u00e1nchez Carri\u00f3n, \u00e9crivain, linguiste et chercheur, nous propose un point de vue renouvel\u00e9 pour lire l\u2019\u00c9vangile, un point de vue qui rapproche de nous le message que contiennent les textes sans en diminuer la beaut\u00e9, en nous associant plus intimement \u00e0 leur lecture. &#8220;La Langue de la Lumi\u00e8re&#8221; comprend deux parties, &#8220;Le Code Jean le Baptiste&#8221; et &#8220;Le code J\u00e9sus Le Christ&#8221;.<\/p>\n\n\n\n<p>Des rencontres sont organis\u00e9es pour partager sur les th\u00e8mes abord\u00e9s, n&#8217;h\u00e9sitez pas \u00e0 nous contacter (ideesvivantes arobase nva-editions point fr).<\/p>\n\n\n\n<blockquote class=\"wp-block-quote is-layout-flow wp-block-quote-is-layout-flow\">\n<p><\/p>\n<\/blockquote>\n","protected":false},"excerpt":{"rendered":"<p>Depuis 2006, NVA \u00c9ditions propose des id\u00e9es nouvelles pour le monde d&#8217;aujourd&#8217;hui. Notre \u00e9poque nous propose, et m\u00eame nous demande, de r\u00e9cup\u00e9rer notre int\u00e9grit\u00e9, de ne plus abandonner des parties enti\u00e8res de nos vies, mais au contraire d&#8217;investir notre dimension d&#8217;\u00eatres parlants comme nous ne l&#8217;avons jamais fait. Les auteurs de la collection Id\u00e9es Vivantes&hellip;&nbsp;<a href=\"https:\/\/nva-editions.fr\/\" class=\"\" rel=\"bookmark\">Read More &raquo;<span class=\"screen-reader-text\">NVA \u00c9ditions \/ Id\u00e9es Vivantes<\/span><\/a><\/p>\n","protected":false},"author":1,"featured_media":0,"parent":0,"menu_order":0,"comment_status":"closed","ping_status":"open","template":"","meta":{"_monsterinsights_skip_tracking":false,"_monsterinsights_sitenote_active":false,"_monsterinsights_sitenote_note":"","_monsterinsights_sitenote_category":0,"neve_meta_sidebar":"","neve_meta_container":"","neve_meta_enable_content_width":"","neve_meta_content_width":0,"neve_meta_title_alignment":"","neve_meta_author_avatar":"","neve_post_elements_order":"","neve_meta_disable_header":"","neve_meta_disable_footer":"","neve_meta_disable_title":"","footnotes":""},"class_list":["post-2","page","type-page","status-publish","hentry"],"aioseo_notices":[],"jetpack_sharing_enabled":true,"_links":{"self":[{"href":"https:\/\/nva-editions.fr\/index.php?rest_route=\/wp\/v2\/pages\/2","targetHints":{"allow":["GET"]}}],"collection":[{"href":"https:\/\/nva-editions.fr\/index.php?rest_route=\/wp\/v2\/pages"}],"about":[{"href":"https:\/\/nva-editions.fr\/index.php?rest_route=\/wp\/v2\/types\/page"}],"author":[{"embeddable":true,"href":"https:\/\/nva-editions.fr\/index.php?rest_route=\/wp\/v2\/users\/1"}],"replies":[{"embeddable":true,"href":"https:\/\/nva-editions.fr\/index.php?rest_route=%2Fwp%2Fv2%2Fcomments&post=2"}],"version-history":[{"count":19,"href":"https:\/\/nva-editions.fr\/index.php?rest_route=\/wp\/v2\/pages\/2\/revisions"}],"predecessor-version":[{"id":108,"href":"https:\/\/nva-editions.fr\/index.php?rest_route=\/wp\/v2\/pages\/2\/revisions\/108"}],"wp:attachment":[{"href":"https:\/\/nva-editions.fr\/index.php?rest_route=%2Fwp%2Fv2%2Fmedia&parent=2"}],"curies":[{"name":"wp","href":"https:\/\/api.w.org\/{rel}","templated":true}]}}